{"id":100739,"date":"2026-03-14T11:30:08","date_gmt":"2026-03-14T11:30:08","guid":{"rendered":"https:\/\/siliciopro.com\/politica-de-cookies\/"},"modified":"2026-04-25T14:18:46","modified_gmt":"2026-04-25T14:18:46","slug":"politica-de-cookies","status":"publish","type":"page","link":"https:\/\/siliciopro.com\/pt-pt\/politica-de-cookies\/","title":{"rendered":"POL\u00cdTICA DE COOKIES"},"content":{"rendered":"<p>[et_pb_section fb_built=&#8221;1&#8243; _builder_version=&#8221;4.16&#8243; _module_preset=&#8221;default&#8221; background_color=&#8221;#f7f7f7&#8243; background_enable_image=&#8221;off&#8221; locked=&#8221;off&#8221; global_colors_info=&#8221;{}&#8221;][et_pb_row _builder_version=&#8221;4.16&#8243; _module_preset=&#8221;default&#8221; global_colors_info=&#8221;{}&#8221;][et_pb_column type=&#8221;4_4&#8243; _builder_version=&#8221;4.16&#8243; _module_preset=&#8221;default&#8221; global_colors_info=&#8221;{}&#8221;][et_pb_text admin_label=&#8221;Terms &#038; Conditions&#8221; _builder_version=&#8221;4.27.6&#8243; _module_preset=&#8221;default&#8221; header_font_size=&#8221;60px&#8221; text_orientation=&#8221;center&#8221; header_font_size_tablet=&#8221;40px&#8221; header_font_size_phone=&#8221;30px&#8221; header_font_size_last_edited=&#8221;on|phone&#8221; global_colors_info=&#8221;{}&#8221;]<\/p>\n<h1>POL\u00cdTICA DE PRIVACIDADE<\/h1>\n<p>[\/et_pb_text][\/et_pb_column][\/et_pb_row][\/et_pb_section][et_pb_section fb_built=&#8221;1&#8243; _builder_version=&#8221;4.16&#8243; _module_preset=&#8221;default&#8221; locked=&#8221;off&#8221; global_colors_info=&#8221;{}&#8221;][et_pb_row _builder_version=&#8221;4.16&#8243; _module_preset=&#8221;default&#8221; global_colors_info=&#8221;{}&#8221;][et_pb_column type=&#8221;4_4&#8243; _builder_version=&#8221;4.16&#8243; _module_preset=&#8221;default&#8221; global_colors_info=&#8221;{}&#8221;][et_pb_text _builder_version=&#8221;4.27.6&#8243; _module_preset=&#8221;default&#8221; global_colors_info=&#8221;{}&#8221;]<\/p>\n<p><span style=\"font-weight: 400;\">\u00daltima atualiza\u00e7\u00e3o: 14 de mar\u00e7o de 2026<\/span><\/p>\n<p><span style=\"font-weight: 400;\">O s\u00edtio Web<\/span><a href=\"https:\/\/www.siliciopro.com\"> <span style=\"font-weight: 400;\">www.siliciopro.com<\/span><\/a><span style=\"font-weight: 400;\"> utiliza cookies com o objetivo de melhorar a experi\u00eancia do utilizador, analisar o tr\u00e1fego do s\u00edtio e apresentar conte\u00fados publicit\u00e1rios adaptados aos interesses dos utilizadores.<\/span><\/p>\n<h2><span style=\"font-weight: 400;\">O que \u00e9 um cookie?<\/span><\/h2>\n<p><span style=\"font-weight: 400;\">Um cookie \u00e9 um pequeno ficheiro de texto que \u00e9 armazenado no seu dispositivo (computador, tablet ou smartphone) quando visita um s\u00edtio Web.<\/span><\/p>\n<p><span style=\"font-weight: 400;\">Os cookies permitem, entre outras coisas, reconhecer um utilizador, recordar as suas prefer\u00eancias ou analisar a sua navega\u00e7\u00e3o no s\u00edtio.<\/span><\/p>\n<h2><span style=\"font-weight: 400;\">Tipos de cookies utilizados<\/span><\/h2>\n<h3><span style=\"font-weight: 400;\">Cookies estritamente necess\u00e1rios<\/span><\/h3>\n<p><span style=\"font-weight: 400;\">Estes cookies s\u00e3o indispens\u00e1veis para o funcionamento do s\u00edtio Web e n\u00e3o podem ser desativados.<\/span><span style=\"font-weight: 400;\"><br \/><\/span><span style=\"font-weight: 400;\">Permitem, por exemplo:<\/span><\/p>\n<ul>\n<li style=\"font-weight: 400;\" aria-level=\"1\"><span style=\"font-weight: 400;\">o acesso \u00e0 conta de cliente<\/span><\/li>\n<li style=\"font-weight: 400;\" aria-level=\"1\"><span style=\"font-weight: 400;\">a gest\u00e3o do carrinho de compras<\/span><\/li>\n<li style=\"font-weight: 400;\" aria-level=\"1\"><span style=\"font-weight: 400;\">a seguran\u00e7a do s\u00edtio Web<\/span><\/li>\n<\/ul>\n<h3><span style=\"font-weight: 400;\">Cookies de an\u00e1lise ou medi\u00e7\u00e3o de audi\u00eancia<\/span><\/h3>\n<p><span style=\"font-weight: 400;\">Estes cookies permitem analisar o tr\u00e1fego e a utiliza\u00e7\u00e3o do s\u00edtio Web.<\/span><\/p>\n<p><span style=\"font-weight: 400;\">Servi\u00e7os utilizados:<\/span><\/p>\n<ul>\n<li style=\"font-weight: 400;\" aria-level=\"1\"><span style=\"font-weight: 400;\">Google Analytics<\/span><\/li>\n<\/ul>\n<h3><span style=\"font-weight: 400;\">Cookies de marketing e publicidade<\/span><\/h3>\n<p><span style=\"font-weight: 400;\">Estes cookies permitem apresentar an\u00fancios personalizados e medir a efic\u00e1cia das campanhas publicit\u00e1rias.<\/span><\/p>\n<p><span style=\"font-weight: 400;\">Servi\u00e7os utilizados:<\/span><\/p>\n<ul>\n<li style=\"font-weight: 400;\" aria-level=\"1\"><span style=\"font-weight: 400;\">Meta Pixel (Facebook e Instagram)<\/span><\/li>\n<li style=\"font-weight: 400;\" aria-level=\"1\"><span style=\"font-weight: 400;\">TikTok Pixel<\/span><\/li>\n<li style=\"font-weight: 400;\" aria-level=\"1\"><span style=\"font-weight: 400;\">Snapchat Pixel<\/span><\/li>\n<li style=\"font-weight: 400;\" aria-level=\"1\"><span style=\"font-weight: 400;\">Google Ads<\/span><\/li>\n<li style=\"font-weight: 400;\" aria-level=\"1\"><span style=\"font-weight: 400;\">Google Shopping<\/span><\/li>\n<\/ul>\n<h2><span style=\"font-weight: 400;\">Consentimento<\/span><\/h2>\n<p><span style=\"font-weight: 400;\">Durante a sua primeira visita ao s\u00edtio Web, um banner de consentimento permite-lhe aceitar ou recusar a utiliza\u00e7\u00e3o de cookies n\u00e3o essenciais.<\/span><\/p>\n<p><span style=\"font-weight: 400;\">Pode modificar a sua escolha a qualquer momento atrav\u00e9s das defini\u00e7\u00f5es de cookies dispon\u00edveis no s\u00edtio Web.<\/span><\/p>\n<h2><span style=\"font-weight: 400;\">Dura\u00e7\u00e3o de conserva\u00e7\u00e3o<\/span><\/h2>\n<p><span style=\"font-weight: 400;\">Os cookies s\u00e3o conservados por um per\u00edodo m\u00e1ximo de 13 meses, em conformidade com a regulamenta\u00e7\u00e3o europeia.<\/span><\/p>\n<h2><span style=\"font-weight: 400;\">Gest\u00e3o dos cookies<\/span><\/h2>\n<p><span style=\"font-weight: 400;\">Tamb\u00e9m pode configurar o seu navegador para recusar ou eliminar os cookies.<\/span><\/p>\n<p><span style=\"font-weight: 400;\">Os par\u00e2metros podem ser modificados nas op\u00e7\u00f5es do seu navegador:<\/span><\/p>\n<ul>\n<li style=\"font-weight: 400;\" aria-level=\"1\"><span style=\"font-weight: 400;\">Google Chrome<\/span><\/li>\n<li style=\"font-weight: 400;\" aria-level=\"1\"><span style=\"font-weight: 400;\">Mozilla Firefox<\/span><\/li>\n<li style=\"font-weight: 400;\" aria-level=\"1\"><span style=\"font-weight: 400;\">Safari<\/span><\/li>\n<li style=\"font-weight: 400;\" aria-level=\"1\"><span style=\"font-weight: 400;\">Microsoft Edge<\/span><\/li>\n<\/ul>\n<h2><span style=\"font-weight: 400;\">Contacto<\/span><\/h2>\n<p><span style=\"font-weight: 400;\">Para qualquer quest\u00e3o relacionada com a utiliza\u00e7\u00e3o de cookies, pode contactar:<\/span><\/p>\n<p><span style=\"font-weight: 400;\">hello@siliciopro.com<\/span><\/p>\n<p>[\/et_pb_text][\/et_pb_column][\/et_pb_row][\/et_pb_section]<\/p>\n","protected":false},"excerpt":{"rendered":"<p>POL\u00cdTICA DE PRIVACIDADE\u00daltima atualiza\u00e7\u00e3o: 14 de mar\u00e7o de 2026 O s\u00edtio Web www.siliciopro.com utiliza cookies com o objetivo de melhorar a experi\u00eancia do utilizador, analisar o tr\u00e1fego do s\u00edtio e apresentar conte\u00fados publicit\u00e1rios adaptados aos interesses dos utilizadores. O que \u00e9 um cookie? Um cookie \u00e9 um pequeno ficheiro de texto que \u00e9 armazenado no [&hellip;]<\/p>\n","protected":false},"author":1,"featured_media":0,"parent":0,"menu_order":0,"comment_status":"closed","ping_status":"closed","template":"","meta":{"_et_pb_use_builder":"on","_et_pb_old_content":"","_et_gb_content_width":"","footnotes":""},"class_list":["post-100739","page","type-page","status-publish","hentry"],"jetpack_sharing_enabled":true,"_links":{"self":[{"href":"https:\/\/siliciopro.com\/pt-pt\/wp-json\/wp\/v2\/pages\/100739","targetHints":{"allow":["GET"]}}],"collection":[{"href":"https:\/\/siliciopro.com\/pt-pt\/wp-json\/wp\/v2\/pages"}],"about":[{"href":"https:\/\/siliciopro.com\/pt-pt\/wp-json\/wp\/v2\/types\/page"}],"author":[{"embeddable":true,"href":"https:\/\/siliciopro.com\/pt-pt\/wp-json\/wp\/v2\/users\/1"}],"replies":[{"embeddable":true,"href":"https:\/\/siliciopro.com\/pt-pt\/wp-json\/wp\/v2\/comments?post=100739"}],"version-history":[{"count":4,"href":"https:\/\/siliciopro.com\/pt-pt\/wp-json\/wp\/v2\/pages\/100739\/revisions"}],"predecessor-version":[{"id":100745,"href":"https:\/\/siliciopro.com\/pt-pt\/wp-json\/wp\/v2\/pages\/100739\/revisions\/100745"}],"wp:attachment":[{"href":"https:\/\/siliciopro.com\/pt-pt\/wp-json\/wp\/v2\/media?parent=100739"}],"curies":[{"name":"wp","href":"https:\/\/api.w.org\/{rel}","templated":true}]}}