{"id":100822,"date":"2026-03-13T09:50:56","date_gmt":"2026-03-13T09:50:56","guid":{"rendered":"https:\/\/siliciopro.com\/preguntas-frecuentes\/"},"modified":"2026-04-25T14:22:50","modified_gmt":"2026-04-25T14:22:50","slug":"preguntas-frecuentes","status":"publish","type":"page","link":"https:\/\/siliciopro.com\/pt-pt\/preguntas-frecuentes\/","title":{"rendered":"Perguntas Frequentes"},"content":{"rendered":"<p>[et_pb_section fb_built=&#8221;1&#8243; _builder_version=&#8221;4.16&#8243; _module_preset=&#8221;default&#8221; locked=&#8221;off&#8221; global_colors_info=&#8221;{}&#8221;][et_pb_row _builder_version=&#8221;4.16&#8243; _module_preset=&#8221;default&#8221; global_colors_info=&#8221;{}&#8221;][et_pb_column type=&#8221;4_4&#8243; _builder_version=&#8221;4.16&#8243; _module_preset=&#8221;default&#8221; global_colors_info=&#8221;{}&#8221;][et_pb_text admin_label=&#8221;FAQ&#8217;s&#8221; _builder_version=&#8221;4.27.6&#8243; _module_preset=&#8221;default&#8221; header_font_size=&#8221;40px&#8221; header_2_font=&#8221;||||||||&#8221; header_2_font_size=&#8221;40px&#8221; text_orientation=&#8221;center&#8221; header_font_size_tablet=&#8221;40px&#8221; header_font_size_phone=&#8221;30px&#8221; header_font_size_last_edited=&#8221;on|phone&#8221; header_2_font_size_tablet=&#8221;30px&#8221; header_2_font_size_phone=&#8221;&#8221; header_2_font_size_last_edited=&#8221;on|desktop&#8221; global_colors_info=&#8221;{}&#8221;]<\/p>\n<h1>Perguntas Frequentes<\/h1>\n<p>[\/et_pb_text][\/et_pb_column][\/et_pb_row][et_pb_row _builder_version=&#8221;4.16&#8243; _module_preset=&#8221;default&#8221; global_colors_info=&#8221;{}&#8221;][et_pb_column type=&#8221;4_4&#8243; _builder_version=&#8221;4.16&#8243; _module_preset=&#8221;default&#8221; global_colors_info=&#8221;{}&#8221;][et_pb_text _builder_version=&#8221;4.27.6&#8243; _module_preset=&#8221;default&#8221; global_colors_info=&#8221;{}&#8221;]<\/p>\n<h2>\ud83d\udecd\ufe0f Encomendas<\/h2>\n<p>[\/et_pb_text][et_pb_toggle title=&#8221;Como fazer uma encomenda na SilicioPro?&#8221; admin_label=&#8221;FAQ&#8221; _builder_version=&#8221;4.27.6&#8243; _module_preset=&#8221;default&#8221; background_color=&#8221;#FFFFFF&#8221; global_colors_info=&#8221;{}&#8221;]<\/p>\n<p class=\"font-claude-response-body break-words whitespace-normal leading-[1.7]\">\u00c9 muito simples! Navegue pela nossa loja, adicione os produtos desejados ao seu carrinho e siga os passos de valida\u00e7\u00e3o. Receber\u00e1 um e-mail de confirma\u00e7\u00e3o assim que a sua encomenda for validada.  <\/p>\n<p>[\/et_pb_toggle][et_pb_toggle title=&#8221;Que m\u00e9todos de pagamento s\u00e3o aceites?&#8221; admin_label=&#8221;FAQ&#8221; _builder_version=&#8221;4.27.6&#8243; _module_preset=&#8221;default&#8221; background_color=&#8221;#FFFFFF&#8221; global_colors_info=&#8221;{}&#8221;]<\/p>\n<p class=\"font-claude-response-body break-words whitespace-normal leading-[1.7]\">Aceitamos pagamentos com cart\u00e3o banc\u00e1rio (Visa, Mastercard) atrav\u00e9s do nosso sistema de pagamento seguro Stripe, bem como com PayPal. Todos os seus pagamentos est\u00e3o 100% seguros. <\/p>\n<p>[\/et_pb_toggle][et_pb_toggle title=&#8221;Posso modificar ou cancelar a minha encomenda?&#8221; admin_label=&#8221;FAQ&#8221; _builder_version=&#8221;4.27.6&#8243; _module_preset=&#8221;default&#8221; background_color=&#8221;#FFFFFF&#8221; global_colors_info=&#8221;{}&#8221;]<\/p>\n<p class=\"font-claude-response-body break-words whitespace-normal leading-[1.7]\">Uma vez validada a encomenda e efetuado o pagamento, j\u00e1 n\u00e3o \u00e9 poss\u00edvel modific\u00e1-la. Se desejar cancel\u00e1-la, contacte-nos o mais rapidamente poss\u00edvel por e-mail para <a class=\"underline underline underline-offset-2 decoration-1 decoration-current\/40 hover:decoration-current focus:decoration-current\" href=\"mailto:hello@siliciopro.com\">hello@siliciopro.com<\/a> \u2014 faremos tudo o que estiver ao nosso alcance para gerir o seu pedido antes da expedi\u00e7\u00e3o. <\/p>\n<p>[\/et_pb_toggle][et_pb_text _builder_version=&#8221;4.27.6&#8243; _module_preset=&#8221;default&#8221; global_colors_info=&#8221;{}&#8221;]<\/p>\n<h2>\ud83d\ude9a Envio<\/h2>\n<p>[\/et_pb_text][et_pb_toggle title=&#8221;Quais s\u00e3o os prazos de entrega?&#8221; admin_label=&#8221;FAQ&#8221; _builder_version=&#8221;4.27.6&#8243; _module_preset=&#8221;default&#8221; background_color=&#8221;#FFFFFF&#8221; global_colors_info=&#8221;{}&#8221;]<\/p>\n<p class=\"font-claude-response-body break-words whitespace-normal leading-[1.7]\">As encomendas s\u00e3o expedidas de segunda a sexta-feira \u00e0 tarde. Os prazos de entrega s\u00e3o de 3 a 7 dias \u00fateis para Espanha e de 5 a 10 dias \u00fateis para Portugal. Ser-lhe-\u00e1 enviado um e-mail de acompanhamento assim que a sua encomenda for expedida.  <\/p>\n<p>[\/et_pb_toggle][et_pb_toggle title=&#8221;Como posso acompanhar a minha encomenda?&#8221; admin_label=&#8221;FAQ&#8221; _builder_version=&#8221;4.27.6&#8243; _module_preset=&#8221;default&#8221; background_color=&#8221;#FFFFFF&#8221; global_colors_info=&#8221;{}&#8221;]<\/p>\n<p class=\"font-claude-response-body break-words whitespace-normal leading-[1.7]\">Assim que a sua encomenda for expedida, receber\u00e1 um e-mail com o seu n\u00famero de acompanhamento. Pode acompanhar a sua encomenda diretamente no s\u00edtio Web da transportadora. Lembre-se de verificar a sua pasta de spam se n\u00e3o receber este e-mail.  <\/p>\n<p>[\/et_pb_toggle][et_pb_toggle title=&#8221;O que devo fazer se a minha encomenda for depositada num ponto de recolha?&#8221; admin_label=&#8221;FAQ&#8221; _builder_version=&#8221;4.27.6&#8243; _module_preset=&#8221;default&#8221; background_color=&#8221;#FFFFFF&#8221; global_colors_info=&#8221;{}&#8221;]<\/p>\n<p class=\"font-claude-response-body break-words whitespace-normal leading-[1.7]\">Em caso de aus\u00eancia, a sua encomenda pode ser depositada no ponto de recolha mais pr\u00f3ximo. Aten\u00e7\u00e3o: os pontos de recolha conservam as encomendas apenas durante <strong>1 semana<\/strong>. Passado este prazo, a encomenda ser-nos-\u00e1 devolvida e as despesas de devolu\u00e7\u00e3o e reenvio ficar\u00e3o a seu cargo.  <\/p>\n<p>[\/et_pb_toggle][et_pb_text _builder_version=&#8221;4.27.6&#8243; _module_preset=&#8221;default&#8221; global_colors_info=&#8221;{}&#8221;]<\/p>\n<h2>\ud83d\udd04 Devolu\u00e7\u00f5es e reembolsos<\/h2>\n<p>[\/et_pb_text][et_pb_toggle title=&#8221;Qual \u00e9 o prazo para devolver um produto?&#8221; admin_label=&#8221;FAQ&#8221; _builder_version=&#8221;4.27.6&#8243; _module_preset=&#8221;default&#8221; background_color=&#8221;#FFFFFF&#8221; global_colors_info=&#8221;{}&#8221;]<\/p>\n<p class=\"font-claude-response-body break-words whitespace-normal leading-[1.7]\">Disp\u00f5e de <strong>14 dias corridos<\/strong> a partir da rece\u00e7\u00e3o da sua encomenda para exercer o seu direito de livre resolu\u00e7\u00e3o, sem necessidade de justifica\u00e7\u00e3o. O produto deve ser devolvido na sua embalagem original, sem ter sido utilizado e em perfeito estado. <\/p>\n<p>[\/et_pb_toggle][et_pb_toggle title=&#8221;Como iniciar uma devolu\u00e7\u00e3o?&#8221; admin_label=&#8221;FAQ&#8221; _builder_version=&#8221;4.27.6&#8243; _module_preset=&#8221;default&#8221; background_color=&#8221;#FFFFFF&#8221; global_colors_info=&#8221;{}&#8221;]<\/p>\n<p class=\"font-claude-response-body break-words whitespace-normal leading-[1.7]\">Envie um e-mail para <a class=\"underline underline underline-offset-2 decoration-1 decoration-current\/40 hover:decoration-current focus:decoration-current\" href=\"mailto:hello@siliciopro.com\">hello@siliciopro.com<\/a> indicando o seu n\u00famero de encomenda e o motivo da devolu\u00e7\u00e3o. Comunicar-lhe-emos um n\u00famero de devolu\u00e7\u00e3o bem como o procedimento a seguir. N\u00e3o ser\u00e1 aceite nenhuma devolu\u00e7\u00e3o sem acordo pr\u00e9vio da nossa parte.  <\/p>\n<p>[\/et_pb_toggle][et_pb_toggle title=&#8221;Quando serei reembolsado?&#8221; admin_label=&#8221;FAQ&#8221; _builder_version=&#8221;4.27.6&#8243; _module_preset=&#8221;default&#8221; background_color=&#8221;#FFFFFF&#8221; global_colors_info=&#8221;{}&#8221;]<\/p>\n<p class=\"font-claude-response-body break-words whitespace-normal leading-[1.7]\">Uma vez recebida e verificada a sua devolu\u00e7\u00e3o, ser\u00e1 reembolsado num prazo m\u00e1ximo de <strong>14 dias<\/strong> atrav\u00e9s do mesmo meio de pagamento utilizado na sua encomenda.<\/p>\n<p>[\/et_pb_toggle][et_pb_text _builder_version=&#8221;4.27.6&#8243; _module_preset=&#8221;default&#8221; global_colors_info=&#8221;{}&#8221;]<\/p>\n<h3 class=\"text-text-100 mt-3 -mb-1 text-[1.125rem] font-bold\">Produtos<\/h3>\n<p class=\"font-claude-response-body break-words whitespace-normal leading-invalid_tags_codes_1|\">[\/et_pb_text][et_pb_toggle title=&#8221;Qual \u00e9 a diferen\u00e7a entre o sil\u00edcio org\u00e2nico l\u00edquido e os comprimidos?&#8221; admin_label=&#8221;FAQ&#8221; _builder_version=&#8221;4.27.6&#8243; _module_preset=&#8221;default&#8221; background_color=&#8221;#FFFFFF&#8221; global_colors_info=&#8221;{}&#8221;]<\/p>\n<p class=\"font-claude-response-body break-words whitespace-normal leading-[1.7]\">O sil\u00edcio org\u00e2nico l\u00edquido est\u00e1 pronto a consumir diretamente, oferece uma absor\u00e7\u00e3o r\u00e1pida e \u00e9 ideal para quem deseja uma integra\u00e7\u00e3o simples na sua rotina di\u00e1ria. Os comprimidos s\u00e3o mais pr\u00e1ticos no dia a dia, especialmente quando se est\u00e1 em movimento, e alguns est\u00e3o enriquecidos com glucosamina, condroitina e MSM para um maior suporte articular. <\/p>\n<p>[\/et_pb_toggle][et_pb_toggle title=&#8221;Como conservar os produtos SilicioPro?&#8221; admin_label=&#8221;FAQ&#8221; _builder_version=&#8221;4.27.6&#8243; _module_preset=&#8221;default&#8221; background_color=&#8221;#FFFFFF&#8221; global_colors_info=&#8221;{}&#8221;]<\/p>\n<p class=\"font-claude-response-body break-words whitespace-normal leading-[1.7]\">Os nossos produtos devem ser conservados afastados do calor, da luz e da humidade, num local seco e fresco. Uma vez abertos, respeite as recomenda\u00e7\u00f5es de conserva\u00e7\u00e3o indicadas na embalagem. <\/p>\n<p>[\/et_pb_toggle][et_pb_toggle title=&#8221;Os produtos SilicioPro s\u00e3o medicamentos?&#8221; admin_label=&#8221;FAQ&#8221; _builder_version=&#8221;4.27.6&#8243; _module_preset=&#8221;default&#8221; background_color=&#8221;#FFFFFF&#8221; global_colors_info=&#8221;{}&#8221;]<\/p>\n<p class=\"font-claude-response-body break-words whitespace-normal leading-[1.7]\">N\u00e3o. Os produtos SilicioPro s\u00e3o suplementos alimentares, n\u00e3o medicamentos. Em caso algum podem substituir um tratamento m\u00e9dico prescrito pelo seu m\u00e9dico. Em caso de patologia, consulte sempre um profissional de sa\u00fade.   <\/p>\n<p>[\/et_pb_toggle][et_pb_text _builder_version=&#8221;4.27.6&#8243; _module_preset=&#8221;default&#8221; global_colors_info=&#8221;{}&#8221;]<\/p>\n<h3 class=\"text-text-100 mt-3 -mb-1 text-[1.125rem] font-bold\">\ud83d\udce6 Packs e curas<\/h3>\n<p class=\"font-claude-response-body break-words whitespace-normal leading-invalid_tags_codes_1|\">[\/et_pb_text][et_pb_toggle title=&#8221;O que \u00e9 uma cura de sil\u00edcio org\u00e2nico?&#8221; admin_label=&#8221;FAQ&#8221; _builder_version=&#8221;4.27.6&#8243; _module_preset=&#8221;default&#8221; background_color=&#8221;#FFFFFF&#8221; global_colors_info=&#8221;{}&#8221;]<\/p>\n<p class=\"font-claude-response-body break-words whitespace-normal leading-[1.7]\">Uma cura \u00e9 um programa de suplementa\u00e7\u00e3o de v\u00e1rios meses, 2, 4, 6 ou 12 meses, que combina os nossos suplementos alimentares em toma interna e os nossos g\u00e9is em aplica\u00e7\u00e3o externa. \u00c9 o m\u00e9todo mais eficaz para obter resultados duradouros nas suas articula\u00e7\u00f5es, na sua pele e no seu bem-estar geral. <\/p>\n<p>[\/et_pb_toggle][et_pb_toggle title=&#8221;Como escolher o meu pack?&#8221; admin_label=&#8221;FAQ&#8221; _builder_version=&#8221;4.27.6&#8243; _module_preset=&#8221;default&#8221; background_color=&#8221;#FFFFFF&#8221; global_colors_info=&#8221;{}&#8221;]<\/p>\n<p class=\"font-claude-response-body break-words whitespace-normal leading-[1.7]\">A escolha depende do seu objetivo e da dura\u00e7\u00e3o desejada. Para obter resultados vis\u00edveis nas articula\u00e7\u00f5es ou na pele, recomendamos uma cura m\u00ednima de 2 a 3 meses. Quanto mais longa for a cura, mais duradouros ser\u00e3o os resultados. N\u00e3o hesite em contactar-nos em <a class=\"underline underline underline-offset-2 decoration-1 decoration-current\/40 hover:decoration-current focus:decoration-current\" href=\"mailto:hello@siliciopro.com\">hello@siliciopro.com<\/a> para um aconselhamento personalizado.   <\/p>\n<p>[\/et_pb_toggle][et_pb_toggle title=&#8221;Os packs s\u00e3o mais econ\u00f3micos do que os produtos individuais?&#8221; admin_label=&#8221;FAQ&#8221; _builder_version=&#8221;4.27.6&#8243; _module_preset=&#8221;default&#8221; background_color=&#8221;#FFFFFF&#8221; global_colors_info=&#8221;{}&#8221;]<\/p>\n<p class=\"font-claude-response-body break-words whitespace-normal leading-[1.7]\">Sim! Os nossos packs foram concebidos para lhe poupar dinheiro em compara\u00e7\u00e3o com a compra de produtos individuais. Quanto mais longa for a cura, maior ser\u00e1 a poupan\u00e7a. \u00c9 a solu\u00e7\u00e3o ideal para uma suplementa\u00e7\u00e3o regular e eficaz.   <\/p>\n<p>[\/et_pb_toggle][et_pb_text _builder_version=&#8221;4.27.6&#8243; _module_preset=&#8221;default&#8221; global_colors_info=&#8221;{}&#8221;]<\/p>\n<h3 class=\"text-text-100 mt-3 -mb-1 text-[1.125rem] font-bold\">\ud83d\udc64 A minha conta<\/h3>\n<p class=\"font-claude-response-body break-words whitespace-normal leading-invalid_tags_codes_1|\">[\/et_pb_text][et_pb_toggle title=&#8221; Como criar uma conta na SilicioPro?&#8221; admin_label=&#8221;FAQ&#8221; _builder_version=&#8221;4.27.6&#8243; _module_preset=&#8221;default&#8221; background_color=&#8221;#FFFFFF&#8221; global_colors_info=&#8221;{}&#8221;]<\/p>\n<p class=\"font-claude-response-body break-words whitespace-normal leading-[1.7]\">Clique em <em>A minha conta<\/em> na parte superior da p\u00e1gina e siga os passos de registo introduzindo o seu endere\u00e7o de e-mail e uma palavra-passe. A cria\u00e7\u00e3o de conta \u00e9 gratuita e permite-lhe acompanhar as suas encomendas e gerir a sua informa\u00e7\u00e3o pessoal. <\/p>\n<p class=\"font-claude-response-body break-words whitespace-normal leading-invalid_tags_codes_0|\">[\/et_pb_toggle][et_pb_toggle title=&#8221;Esqueci-me da minha palavra-passe, o que devo fazer?&#8221; admin_label=&#8221;FAQ&#8221; _builder_version=&#8221;4.27.6&#8243; _module_preset=&#8221;default&#8221; background_color=&#8221;#FFFFFF&#8221; global_colors_info=&#8221;{}&#8221;]<\/p>\n<p class=\"font-claude-response-body break-words whitespace-normal leading-[1.7]\">Aceda \u00e0 p\u00e1gina <em>A minha conta<\/em> e clique em <em>Esqueceu-se da sua palavra-passe?<\/em> Receber\u00e1 um e-mail com uma liga\u00e7\u00e3o para redefinir a sua palavra-passe. Lembre-se de verificar a sua pasta de spam se n\u00e3o receber este e-mail. <\/p>\n<p>[\/et_pb_toggle][et_pb_toggle title=&#8221;Como cancelar a subscri\u00e7\u00e3o da newsletter?&#8221; admin_label=&#8221;FAQ&#8221; _builder_version=&#8221;4.27.6&#8243; _module_preset=&#8221;default&#8221; background_color=&#8221;#FFFFFF&#8221; global_colors_info=&#8221;{}&#8221;]<\/p>\n<p class=\"font-claude-response-body break-words whitespace-normal leading-[1.7]\">Pode cancelar a subscri\u00e7\u00e3o a qualquer momento clicando na liga\u00e7\u00e3o de cancelamento de subscri\u00e7\u00e3o situada na parte inferior de cada um dos nossos e-mails. Tamb\u00e9m pode contactar-nos diretamente em <a class=\"underline underline underline-offset-2 decoration-1 decoration-current\/40 hover:decoration-current focus:decoration-current\" href=\"mailto:hello@siliciopro.com\">hello@siliciopro.com<\/a> para qualquer pedido de cancelamento. <\/p>\n<p>[\/et_pb_toggle][\/et_pb_column][\/et_pb_row][\/et_pb_section][et_pb_section fb_built=&#8221;1&#8243; _builder_version=&#8221;4.27.6&#8243; _module_preset=&#8221;default&#8221; global_colors_info=&#8221;{}&#8221;][et_pb_row column_structure=&#8221;1_4,1_4,1_4,1_4&#8243; use_custom_gutter=&#8221;on&#8221; gutter_width=&#8221;1&#8243; _builder_version=&#8221;4.16&#8243; _module_preset=&#8221;default&#8221; custom_margin=&#8221;30px||||false|false&#8221; custom_padding=&#8221;30px||30px||true|false&#8221; border_width_all=&#8221;1px&#8221; border_color_all=&#8221;#e2e2e2&#8243; locked=&#8221;off&#8221; global_colors_info=&#8221;{}&#8221;][et_pb_column type=&#8221;1_4&#8243; _builder_version=&#8221;4.16&#8243; _module_preset=&#8221;default&#8221; global_colors_info=&#8221;{}&#8221;][et_pb_blurb title=&#8221;Fabricado em Fran\u00e7a&#8221; use_icon=&#8221;on&#8221; font_icon=&#8221;&#xf06c;||fa||900&#8243; icon_placement=&#8221;left&#8221; admin_label=&#8221;300+ Brands&#8221; _builder_version=&#8221;4.27.6&#8243; _module_preset=&#8221;default&#8221; custom_margin_tablet=&#8221;||30px||false|false&#8221; custom_margin_phone=&#8221;&#8221; custom_margin_last_edited=&#8221;on|phone&#8221; custom_padding=&#8221;|30px||30px|false|true&#8221; animation=&#8221;off&#8221; border_width_right=&#8221;1px&#8221; border_color_right=&#8221;#e2e2e2&#8243; border_width_right_tablet=&#8221;&#8221; border_width_right_phone=&#8221;0px&#8221; border_width_right_last_edited=&#8221;on|phone&#8221; global_colors_info=&#8221;{}&#8221;]<\/p>\n<p>Produtos de sil\u00edcio org\u00e2nico fabricados segundo as normas de qualidade europeias<\/p>\n<p>[\/et_pb_blurb][\/et_pb_column][et_pb_column type=&#8221;1_4&#8243; _builder_version=&#8221;4.16&#8243; _module_preset=&#8221;default&#8221; global_colors_info=&#8221;{}&#8221;][et_pb_blurb title=&#8221;Pagamento 100% seguro&#8221; use_icon=&#8221;on&#8221; font_icon=&#8221;&#xe06c;||divi||400&#8243; icon_placement=&#8221;left&#8221; admin_label=&#8221;Best Finance Options&#8221; _builder_version=&#8221;4.27.6&#8243; _module_preset=&#8221;default&#8221; header_font_size=&#8221;18px&#8221; custom_margin_tablet=&#8221;||30px||false|false&#8221; custom_margin_phone=&#8221;&#8221; custom_margin_last_edited=&#8221;on|tablet&#8221; custom_padding=&#8221;|30px||30px|false|true&#8221; animation=&#8221;off&#8221; border_width_right=&#8221;1px&#8221; border_color_right=&#8221;#e2e2e2&#8243; border_width_right_tablet=&#8221;0px&#8221; border_width_right_phone=&#8221;&#8221; border_width_right_last_edited=&#8221;on|tablet&#8221; global_colors_info=&#8221;{}&#8221; title__hover_enabled=&#8221;off|desktop&#8221;]<\/p>\n<p>Pague com cart\u00e3o banc\u00e1rio ou PayPal de forma segura com Stripe<\/p>\n<p>[\/et_pb_blurb][\/et_pb_column][et_pb_column type=&#8221;1_4&#8243; _builder_version=&#8221;4.16&#8243; _module_preset=&#8221;default&#8221; global_colors_info=&#8221;{}&#8221;][et_pb_blurb title=&#8221;Produtos aut\u00eanticos&#8221; use_icon=&#8221;on&#8221; font_icon=&#8221;&#xf18c;||fa||400&#8243; icon_placement=&#8221;left&#8221; admin_label=&#8221;100% Authentic&#8221; _builder_version=&#8221;4.27.6&#8243; _module_preset=&#8221;default&#8221; header_font_size=&#8221;18px&#8221; custom_margin_tablet=&#8221;&#8221; custom_margin_phone=&#8221;||30px||false|false&#8221; custom_margin_last_edited=&#8221;on|phone&#8221; custom_padding=&#8221;|30px||30px|false|true&#8221; animation=&#8221;off&#8221; border_width_right=&#8221;1px&#8221; border_color_right=&#8221;#e2e2e2&#8243; border_width_right_tablet=&#8221;&#8221; border_width_right_phone=&#8221;0px&#8221; border_width_right_last_edited=&#8221;on|phone&#8221; global_colors_info=&#8221;{}&#8221;]<\/p>\n<p>F\u00f3rmulas originais da Bio Morvan, especialista em sil\u00edcio org\u00e2nico<\/p>\n<p>[\/et_pb_blurb][\/et_pb_column][et_pb_column type=&#8221;1_4&#8243; _builder_version=&#8221;4.16&#8243; _module_preset=&#8221;default&#8221; global_colors_info=&#8221;{}&#8221;][et_pb_blurb title=&#8221;Envio r\u00e1pido para Espanha e Portugal&#8221; use_icon=&#8221;on&#8221; font_icon=&#8221;&#xf0d1;||fa||900&#8243; icon_placement=&#8221;left&#8221; admin_label=&#8221;Fast Delivery&#8221; _builder_version=&#8221;4.27.6&#8243; _module_preset=&#8221;default&#8221; header_font_size=&#8221;18px&#8221; custom_padding=&#8221;|30px||30px|false|true&#8221; animation=&#8221;off&#8221; global_colors_info=&#8221;{}&#8221;]<\/p>\n<p>As suas encomendas expedidas de segunda a sexta-feira com acompanhamento online<\/p>\n<p>[\/et_pb_blurb][\/et_pb_column][\/et_pb_row][\/et_pb_section]<\/p>\n","protected":false},"excerpt":{"rendered":"<p>Perguntas Frequentes\ud83d\udecd\ufe0f Encomendas\u00c9 muito simples! Navegue pela nossa loja, adicione os produtos desejados ao seu carrinho e siga os passos de valida\u00e7\u00e3o. Receber\u00e1 um e-mail de confirma\u00e7\u00e3o assim que a sua encomenda for validada. Aceitamos pagamentos com cart\u00e3o banc\u00e1rio (Visa, Mastercard) atrav\u00e9s do nosso sistema de pagamento seguro Stripe, bem como com PayPal. Todos os [&hellip;]<\/p>\n","protected":false},"author":1,"featured_media":0,"parent":0,"menu_order":0,"comment_status":"closed","ping_status":"open","template":"","meta":{"_et_pb_use_builder":"on","_et_pb_old_content":"","_et_gb_content_width":"","footnotes":""},"class_list":["post-100822","page","type-page","status-publish","hentry"],"jetpack_sharing_enabled":true,"_links":{"self":[{"href":"https:\/\/siliciopro.com\/pt-pt\/wp-json\/wp\/v2\/pages\/100822","targetHints":{"allow":["GET"]}}],"collection":[{"href":"https:\/\/siliciopro.com\/pt-pt\/wp-json\/wp\/v2\/pages"}],"about":[{"href":"https:\/\/siliciopro.com\/pt-pt\/wp-json\/wp\/v2\/types\/page"}],"author":[{"embeddable":true,"href":"https:\/\/siliciopro.com\/pt-pt\/wp-json\/wp\/v2\/users\/1"}],"replies":[{"embeddable":true,"href":"https:\/\/siliciopro.com\/pt-pt\/wp-json\/wp\/v2\/comments?post=100822"}],"version-history":[{"count":1,"href":"https:\/\/siliciopro.com\/pt-pt\/wp-json\/wp\/v2\/pages\/100822\/revisions"}],"predecessor-version":[{"id":100825,"href":"https:\/\/siliciopro.com\/pt-pt\/wp-json\/wp\/v2\/pages\/100822\/revisions\/100825"}],"wp:attachment":[{"href":"https:\/\/siliciopro.com\/pt-pt\/wp-json\/wp\/v2\/media?parent=100822"}],"curies":[{"name":"wp","href":"https:\/\/api.w.org\/{rel}","templated":true}]}}